{"id":712,"date":"2024-09-27T05:41:45","date_gmt":"2024-09-27T05:41:45","guid":{"rendered":"https:\/\/intersold.fr\/?page_id=712"},"modified":"2024-09-27T06:20:46","modified_gmt":"2024-09-27T06:20:46","slug":"intersod-3-2-4","status":"publish","type":"page","link":"https:\/\/intersold.fr\/?page_id=712","title":{"rendered":"Mentions l\u00e9gales"},"content":{"rendered":"\t\t<div data-elementor-type=\"wp-page\" data-elementor-id=\"712\" class=\"elementor elementor-712\">\n\t\t\t\t<div class=\"elementor-element elementor-element-e2f71cc e-con-full e-flex e-con e-parent\" data-id=\"e2f71cc\" data-element_type=\"container\" data-e-type=\"container\">\n\t\t<div class=\"elementor-element elementor-element-192d36f e-con-full e-flex e-con e-child\" data-id=\"192d36f\" data-element_type=\"container\" data-e-type=\"container\">\n\t\t\t\t<div class=\"elementor-element elementor-element-f8f5da0 elementor-widget elementor-widget-heading\" data-id=\"f8f5da0\" data-element_type=\"widget\" data-e-type=\"widget\" data-widget_type=\"heading.default\">\n\t\t\t\t<div class=\"elementor-widget-container\">\n\t\t\t\t\t<h2 class=\"elementor-heading-title elementor-size-default\">Mentions l\u00e9gales<\/h2>\t\t\t\t<\/div>\n\t\t\t\t<\/div>\n\t\t\t\t<div class=\"elementor-element elementor-element-29d17d9 elementor-widget elementor-widget-text-editor\" data-id=\"29d17d9\" data-element_type=\"widget\" data-e-type=\"widget\" data-widget_type=\"text-editor.default\">\n\t\t\t\t<div class=\"elementor-widget-container\">\n\t\t\t\t\t\t\t\t\t<p>Conform\u00e9ment \u00e0 la l\u00e9gislation en vigueur, nous vous pr\u00e9sentons ci-dessous les mentions l\u00e9gales relatives au site <strong>Intersod<\/strong>.<\/p><h2>1. \u00c9diteur du site<\/h2><p>Le site <strong>Interod<\/strong> est \u00e9dit\u00e9 par la soci\u00e9t\u00e9 <strong>Intersod<\/strong>, dont les informations l\u00e9gales sont les suivantes :<\/p><ul><li><strong>D\u00e9nomination sociale<\/strong> : Intersod<\/li><li><strong>Forme juridique<\/strong> : Achat-vente en gros, demi-gros, d\u00e9tail de tous produits non soumis \u00e0 r\u00e9glementation, import-export<\/li><li><strong>Num\u00e9ro de SIRET<\/strong> : 480037209<\/li><li><strong>Si\u00e8ge social<\/strong> : Zac de l\u2019Ourcq, 45 rue Delizy, 93500 Pantin, France<\/li><li><strong>T\u00e9l\u00e9phone<\/strong> : (+33) 1 48 11 38 80<\/li><li><strong>Adresse email<\/strong> : <a rel=\"noopener\">contact@intersod.fr<\/a><\/li><\/ul><h2>2. H\u00e9bergement<\/h2><p>Le site <strong>Interod<\/strong> est h\u00e9berg\u00e9 par <strong>EuroDNS<\/strong>, dont les informations sont les suivantes :<\/p><ul><li><strong>Adresse<\/strong> : 24 Rue L\u00e9on Laval, 3372 Leudelange, Luxembourg<\/li><li><strong>Site web<\/strong> : <a href=\"http:\/\/www.eurodns.com\" target=\"_new\" rel=\"noopener\">www.eurodns.com<\/a><\/li><\/ul><h2>3. Directeur de la publication<\/h2><p>Le directeur de la publication du site <strong>Interod<\/strong> est <strong>M. Jeremy Libeskind<\/strong>.<\/p><h2>4. Responsable de la gestion<\/h2><p>Le site <strong>Interod<\/strong> est g\u00e9r\u00e9 par :<\/p><ul><li><strong>Nom<\/strong> : M. Jeremy Libeskind<\/li><li><strong>Adresse<\/strong> : 110 Rue de Fontenay, 94300 Vincennes, France<\/li><li><strong>Num\u00e9ro de SIRET<\/strong> : 822 616 728<\/li><li><strong>T\u00e9l\u00e9phone<\/strong> : 07 60 06 22 60<\/li><\/ul><h2>5. Propri\u00e9t\u00e9 intellectuelle<\/h2><p>Tous les contenus pr\u00e9sents sur le site <strong>Interod<\/strong>, incluant, de mani\u00e8re non limitative, les textes, images, graphismes, logos, vid\u00e9os, et autres documents, sont prot\u00e9g\u00e9s par les lois en vigueur sur la propri\u00e9t\u00e9 intellectuelle et appartiennent \u00e0 <strong>Intersod<\/strong> ou sont utilis\u00e9s avec l&#8217;autorisation de leurs propri\u00e9taires respectifs.<\/p><h2>6. Donn\u00e9es personnelles<\/h2><p>Conform\u00e9ment au R\u00e8glement G\u00e9n\u00e9ral sur la Protection des Donn\u00e9es (RGPD), <strong>Intersod<\/strong> s&#8217;engage \u00e0 prot\u00e9ger les informations personnelles collect\u00e9es sur le site. Pour toute demande relative aux donn\u00e9es personnelles, vous pouvez nous contacter \u00e0 l&#8217;adresse email suivante : <a rel=\"noopener\">contact@intersod.fr<\/a>.<\/p><h2>7. Limitation de responsabilit\u00e9<\/h2><p><strong>Intersod<\/strong> s&#8217;efforce de fournir des informations aussi pr\u00e9cises que possible sur son site. Toutefois, elle ne pourra \u00eatre tenue responsable des omissions, inexactitudes, et carences dans la mise \u00e0 jour de ces informations, qu&#8217;elles soient de son fait ou du fait des tiers partenaires qui lui fournissent ces informations.<\/p>\t\t\t\t\t\t\t\t<\/div>\n\t\t\t\t<\/div>\n\t\t\t\t<div class=\"elementor-element elementor-element-077b152 elementor-align-center elementor-widget elementor-widget-button\" data-id=\"077b152\" data-element_type=\"widget\" data-e-type=\"widget\" data-widget_type=\"button.default\">\n\t\t\t\t<div class=\"elementor-widget-container\">\n\t\t\t\t\t\t\t\t\t<div class=\"elementor-button-wrapper\">\n\t\t\t\t\t<a class=\"elementor-button elementor-button-link elementor-size-sm\" href=\"https:\/\/intersold.fr\/wp-content\/uploads\/2024\/09\/PLAQUETTE-PRESENTATION-INTERSOD-2024.pdf\" target=\"_blank\">\n\t\t\t\t\t\t<span class=\"elementor-button-content-wrapper\">\n\t\t\t\t\t\t\t\t\t<span class=\"elementor-button-text\">Plaquette de pr\u00e9sentation<\/span>\n\t\t\t\t\t<\/span>\n\t\t\t\t\t<\/a>\n\t\t\t\t<\/div>\n\t\t\t\t\t\t\t\t<\/div>\n\t\t\t\t<\/div>\n\t\t\t\t<\/div>\n\t\t\t\t<\/div>\n\t\t<div class=\"elementor-element elementor-element-c863be5 e-con-full e-flex e-con e-parent\" data-id=\"c863be5\" data-element_type=\"container\" data-e-type=\"container\" data-settings=\"{&quot;background_background&quot;:&quot;classic&quot;}\">\n\t\t<div class=\"elementor-element elementor-element-b71e0a6 e-con-full e-flex e-con e-child\" data-id=\"b71e0a6\" data-element_type=\"container\" data-e-type=\"container\">\n\t\t\t\t<div class=\"elementor-element elementor-element-65b8e9b elementor-widget elementor-widget-heading\" data-id=\"65b8e9b\" data-element_type=\"widget\" data-e-type=\"widget\" data-widget_type=\"heading.default\">\n\t\t\t\t<div class=\"elementor-widget-container\">\n\t\t\t\t\t<h2 class=\"elementor-heading-title elementor-size-default\">Une suggestion ou une remarque ? <br>N'h\u00e9sitez pas \u00e0 nous contacter<\/h2>\t\t\t\t<\/div>\n\t\t\t\t<\/div>\n\t\t\t\t<div class=\"elementor-element elementor-element-727ee9d elementor-widget elementor-widget-text-editor\" data-id=\"727ee9d\" data-element_type=\"widget\" data-e-type=\"widget\" data-widget_type=\"text-editor.default\">\n\t\t\t\t<div class=\"elementor-widget-container\">\n\t\t\t\t\t\t\t\t\tContactez Intersod, sp\u00e9cialiste de l\u2019importation et distribution de produits pour la maison et la personne. Experts en permanent et d\u00e9stockage depuis plus de 20 ans, nous sommes \u00e0 votre \u00e9coute pour toute demande d\u2019informations.\n\t\t\t\t\t\t\t\t<\/div>\n\t\t\t\t<\/div>\n\t\t\t\t<div class=\"elementor-element elementor-element-986d063 elementor-align-center elementor-widget elementor-widget-button\" data-id=\"986d063\" data-element_type=\"widget\" data-e-type=\"widget\" data-widget_type=\"button.default\">\n\t\t\t\t<div class=\"elementor-widget-container\">\n\t\t\t\t\t\t\t\t\t<div class=\"elementor-button-wrapper\">\n\t\t\t\t\t<a class=\"elementor-button elementor-button-link elementor-size-sm\" href=\"https:\/\/intersold.fr\/?page_id=338\">\n\t\t\t\t\t\t<span class=\"elementor-button-content-wrapper\">\n\t\t\t\t\t\t\t\t\t<span class=\"elementor-button-text\">Contact<\/span>\n\t\t\t\t\t<\/span>\n\t\t\t\t\t<\/a>\n\t\t\t\t<\/div>\n\t\t\t\t\t\t\t\t<\/div>\n\t\t\t\t<\/div>\n\t\t\t\t<\/div>\n\t\t\t\t<\/div>\n\t\t\t\t<\/div>\n\t\t","protected":false},"excerpt":{"rendered":"<p>Mentions l\u00e9gales Conform\u00e9ment \u00e0 la l\u00e9gislation en vigueur, nous vous pr\u00e9sentons ci-dessous les mentions l\u00e9gales relatives au site Intersod. 1. \u00c9diteur du site Le site Interod est \u00e9dit\u00e9 par la soci\u00e9t\u00e9 Intersod, dont les informations l\u00e9gales sont les suivantes : D\u00e9nomination sociale : Intersod Forme juridique : Achat-vente en gros, demi-gros, d\u00e9tail de tous produits [&hellip;]<\/p>\n","protected":false},"author":1,"featured_media":0,"parent":0,"menu_order":0,"comment_status":"closed","ping_status":"closed","template":"","meta":{"footnotes":""},"class_list":["post-712","page","type-page","status-publish","hentry"],"yoast_head":"<!-- This site is optimized with the Yoast SEO plugin v23.5 - https:\/\/yoast.com\/wordpress\/plugins\/seo\/ -->\n<title>Mentions l\u00e9gales - Intersold<\/title>\n<meta name=\"robots\" content=\"index, follow, max-snippet:-1, max-image-preview:large, max-video-preview:-1\" \/>\n<link rel=\"canonical\" href=\"https:\/\/intersold.fr\/?page_id=712\" \/>\n<meta property=\"og:locale\" content=\"en_US\" \/>\n<meta property=\"og:type\" content=\"article\" \/>\n<meta property=\"og:title\" content=\"Mentions l\u00e9gales - Intersold\" \/>\n<meta property=\"og:description\" content=\"Mentions l\u00e9gales Conform\u00e9ment \u00e0 la l\u00e9gislation en vigueur, nous vous pr\u00e9sentons ci-dessous les mentions l\u00e9gales relatives au site Intersod. 1. \u00c9diteur du site Le site Interod est \u00e9dit\u00e9 par la soci\u00e9t\u00e9 Intersod, dont les informations l\u00e9gales sont les suivantes : D\u00e9nomination sociale : Intersod Forme juridique : Achat-vente en gros, demi-gros, d\u00e9tail de tous produits [&hellip;]\" \/>\n<meta property=\"og:url\" content=\"https:\/\/intersold.fr\/?page_id=712\" \/>\n<meta property=\"og:site_name\" content=\"Intersold\" \/>\n<meta property=\"article:modified_time\" content=\"2024-09-27T06:20:46+00:00\" \/>\n<meta name=\"twitter:card\" content=\"summary_large_image\" \/>\n<meta name=\"twitter:label1\" content=\"Est. reading time\" \/>\n\t<meta name=\"twitter:data1\" content=\"2 minutes\" \/>\n<script type=\"application\/ld+json\" class=\"yoast-schema-graph\">{\"@context\":\"https:\/\/schema.org\",\"@graph\":[{\"@type\":\"WebPage\",\"@id\":\"https:\/\/intersold.fr\/?page_id=712\",\"url\":\"https:\/\/intersold.fr\/?page_id=712\",\"name\":\"Mentions l\u00e9gales - Intersold\",\"isPartOf\":{\"@id\":\"https:\/\/intersold.fr\/#website\"},\"datePublished\":\"2024-09-27T05:41:45+00:00\",\"dateModified\":\"2024-09-27T06:20:46+00:00\",\"breadcrumb\":{\"@id\":\"https:\/\/intersold.fr\/?page_id=712#breadcrumb\"},\"inLanguage\":\"en-US\",\"potentialAction\":[{\"@type\":\"ReadAction\",\"target\":[\"https:\/\/intersold.fr\/?page_id=712\"]}]},{\"@type\":\"BreadcrumbList\",\"@id\":\"https:\/\/intersold.fr\/?page_id=712#breadcrumb\",\"itemListElement\":[{\"@type\":\"ListItem\",\"position\":1,\"name\":\"Home\",\"item\":\"https:\/\/intersold.fr\/\"},{\"@type\":\"ListItem\",\"position\":2,\"name\":\"Mentions l\u00e9gales\"}]},{\"@type\":\"WebSite\",\"@id\":\"https:\/\/intersold.fr\/#website\",\"url\":\"https:\/\/intersold.fr\/\",\"name\":\"Intersold\",\"description\":\"Le sp\u00e9cialiste du permanent\",\"publisher\":{\"@id\":\"https:\/\/intersold.fr\/#organization\"},\"potentialAction\":[{\"@type\":\"SearchAction\",\"target\":{\"@type\":\"EntryPoint\",\"urlTemplate\":\"https:\/\/intersold.fr\/?s={search_term_string}\"},\"query-input\":{\"@type\":\"PropertyValueSpecification\",\"valueRequired\":true,\"valueName\":\"search_term_string\"}}],\"inLanguage\":\"en-US\"},{\"@type\":\"Organization\",\"@id\":\"https:\/\/intersold.fr\/#organization\",\"name\":\"Intersold\",\"url\":\"https:\/\/intersold.fr\/\",\"logo\":{\"@type\":\"ImageObject\",\"inLanguage\":\"en-US\",\"@id\":\"https:\/\/intersold.fr\/#\/schema\/logo\/image\/\",\"url\":\"https:\/\/intersold.fr\/wp-content\/uploads\/2024\/09\/cropped-cropped-INTERSOLD-LOGO.jpg\",\"contentUrl\":\"https:\/\/intersold.fr\/wp-content\/uploads\/2024\/09\/cropped-cropped-INTERSOLD-LOGO.jpg\",\"width\":512,\"height\":443,\"caption\":\"Intersold\"},\"image\":{\"@id\":\"https:\/\/intersold.fr\/#\/schema\/logo\/image\/\"}}]}<\/script>\n<!-- \/ Yoast SEO plugin. -->","yoast_head_json":{"title":"Mentions l\u00e9gales - Intersold","robots":{"index":"index","follow":"follow","max-snippet":"max-snippet:-1","max-image-preview":"max-image-preview:large","max-video-preview":"max-video-preview:-1"},"canonical":"https:\/\/intersold.fr\/?page_id=712","og_locale":"en_US","og_type":"article","og_title":"Mentions l\u00e9gales - Intersold","og_description":"Mentions l\u00e9gales Conform\u00e9ment \u00e0 la l\u00e9gislation en vigueur, nous vous pr\u00e9sentons ci-dessous les mentions l\u00e9gales relatives au site Intersod. 1. \u00c9diteur du site Le site Interod est \u00e9dit\u00e9 par la soci\u00e9t\u00e9 Intersod, dont les informations l\u00e9gales sont les suivantes : D\u00e9nomination sociale : Intersod Forme juridique : Achat-vente en gros, demi-gros, d\u00e9tail de tous produits [&hellip;]","og_url":"https:\/\/intersold.fr\/?page_id=712","og_site_name":"Intersold","article_modified_time":"2024-09-27T06:20:46+00:00","twitter_card":"summary_large_image","twitter_misc":{"Est. reading time":"2 minutes"},"schema":{"@context":"https:\/\/schema.org","@graph":[{"@type":"WebPage","@id":"https:\/\/intersold.fr\/?page_id=712","url":"https:\/\/intersold.fr\/?page_id=712","name":"Mentions l\u00e9gales - Intersold","isPartOf":{"@id":"https:\/\/intersold.fr\/#website"},"datePublished":"2024-09-27T05:41:45+00:00","dateModified":"2024-09-27T06:20:46+00:00","breadcrumb":{"@id":"https:\/\/intersold.fr\/?page_id=712#breadcrumb"},"inLanguage":"en-US","potentialAction":[{"@type":"ReadAction","target":["https:\/\/intersold.fr\/?page_id=712"]}]},{"@type":"BreadcrumbList","@id":"https:\/\/intersold.fr\/?page_id=712#breadcrumb","itemListElement":[{"@type":"ListItem","position":1,"name":"Home","item":"https:\/\/intersold.fr\/"},{"@type":"ListItem","position":2,"name":"Mentions l\u00e9gales"}]},{"@type":"WebSite","@id":"https:\/\/intersold.fr\/#website","url":"https:\/\/intersold.fr\/","name":"Intersold","description":"Le sp\u00e9cialiste du permanent","publisher":{"@id":"https:\/\/intersold.fr\/#organization"},"potentialAction":[{"@type":"SearchAction","target":{"@type":"EntryPoint","urlTemplate":"https:\/\/intersold.fr\/?s={search_term_string}"},"query-input":{"@type":"PropertyValueSpecification","valueRequired":true,"valueName":"search_term_string"}}],"inLanguage":"en-US"},{"@type":"Organization","@id":"https:\/\/intersold.fr\/#organization","name":"Intersold","url":"https:\/\/intersold.fr\/","logo":{"@type":"ImageObject","inLanguage":"en-US","@id":"https:\/\/intersold.fr\/#\/schema\/logo\/image\/","url":"https:\/\/intersold.fr\/wp-content\/uploads\/2024\/09\/cropped-cropped-INTERSOLD-LOGO.jpg","contentUrl":"https:\/\/intersold.fr\/wp-content\/uploads\/2024\/09\/cropped-cropped-INTERSOLD-LOGO.jpg","width":512,"height":443,"caption":"Intersold"},"image":{"@id":"https:\/\/intersold.fr\/#\/schema\/logo\/image\/"}}]}},"_links":{"self":[{"href":"https:\/\/intersold.fr\/index.php?rest_route=\/wp\/v2\/pages\/712"}],"collection":[{"href":"https:\/\/intersold.fr\/index.php?rest_route=\/wp\/v2\/pages"}],"about":[{"href":"https:\/\/intersold.fr\/index.php?rest_route=\/wp\/v2\/types\/page"}],"author":[{"embeddable":true,"href":"https:\/\/intersold.fr\/index.php?rest_route=\/wp\/v2\/users\/1"}],"replies":[{"embeddable":true,"href":"https:\/\/intersold.fr\/index.php?rest_route=%2Fwp%2Fv2%2Fcomments&post=712"}],"version-history":[{"count":7,"href":"https:\/\/intersold.fr\/index.php?rest_route=\/wp\/v2\/pages\/712\/revisions"}],"predecessor-version":[{"id":773,"href":"https:\/\/intersold.fr\/index.php?rest_route=\/wp\/v2\/pages\/712\/revisions\/773"}],"wp:attachment":[{"href":"https:\/\/intersold.fr\/index.php?rest_route=%2Fwp%2Fv2%2Fmedia&parent=712"}],"curies":[{"name":"wp","href":"https:\/\/api.w.org\/{rel}","templated":true}]}}