{"id":556,"date":"2024-09-24T08:54:15","date_gmt":"2024-09-24T08:54:15","guid":{"rendered":"https:\/\/intersold.fr\/?page_id=556"},"modified":"2024-09-27T06:08:28","modified_gmt":"2024-09-27T06:08:28","slug":"intersod-3-2-2","status":"publish","type":"page","link":"https:\/\/intersold.fr\/?page_id=556","title":{"rendered":"Partenaires"},"content":{"rendered":"\t\t<div data-elementor-type=\"wp-page\" data-elementor-id=\"556\" class=\"elementor elementor-556\">\n\t\t\t\t<div class=\"elementor-element elementor-element-ccdac34 e-con-full e-flex e-con e-parent\" data-id=\"ccdac34\" data-element_type=\"container\" data-e-type=\"container\" data-settings=\"{&quot;background_background&quot;:&quot;classic&quot;}\">\n\t\t<div class=\"elementor-element elementor-element-6fad729 e-con-full e-flex e-con e-child\" data-id=\"6fad729\" data-element_type=\"container\" data-e-type=\"container\">\n\t\t\t\t<div class=\"elementor-element elementor-element-8678a04 elementor-widget elementor-widget-heading\" data-id=\"8678a04\" data-element_type=\"widget\" data-e-type=\"widget\" data-widget_type=\"heading.default\">\n\t\t\t\t<div class=\"elementor-widget-container\">\n\t\t\t\t\t<h1 class=\"elementor-heading-title elementor-size-default\">Partenaires<\/h1>\t\t\t\t<\/div>\n\t\t\t\t<\/div>\n\t\t\t\t<div class=\"elementor-element elementor-element-fd94de2 elementor-widget elementor-widget-text-editor\" data-id=\"fd94de2\" data-element_type=\"widget\" data-e-type=\"widget\" data-widget_type=\"text-editor.default\">\n\t\t\t\t<div class=\"elementor-widget-container\">\n\t\t\t\t\t\t\t\t\t<p>D\u00e9couvrez les partenariats d&#8217;Intersod avec des fournisseurs de confiance et des acteurs cl\u00e9s du march\u00e9. Ensemble, nous offrons des produits de qualit\u00e9 pour l&#8217;\u00e9quipement de la maison et de la personne, garantissant un service optimal depuis plus de 20 ans<\/p>\t\t\t\t\t\t\t\t<\/div>\n\t\t\t\t<\/div>\n\t\t\t\t<\/div>\n\t\t\t\t<\/div>\n\t\t<div class=\"elementor-element elementor-element-e2f71cc e-flex e-con-boxed e-con e-parent\" data-id=\"e2f71cc\" data-element_type=\"container\" data-e-type=\"container\">\n\t\t\t\t\t<div class=\"e-con-inner\">\n\t\t<div class=\"elementor-element elementor-element-8296239 e-con-full e-flex e-con e-child\" data-id=\"8296239\" data-element_type=\"container\" data-e-type=\"container\">\n\t\t\t\t<div class=\"elementor-element elementor-element-cd86fc1 elementor-invisible elementor-widget elementor-widget-image\" data-id=\"cd86fc1\" data-element_type=\"widget\" data-e-type=\"widget\" data-settings=\"{&quot;_animation&quot;:&quot;fadeIn&quot;}\" data-widget_type=\"image.default\">\n\t\t\t\t<div class=\"elementor-widget-container\">\n\t\t\t\t\t\t\t\t\t\t\t\t\t\t\t<img decoding=\"async\" width=\"100\" height=\"80\" src=\"https:\/\/intersold.fr\/wp-content\/uploads\/2024\/09\/intersod_brand_stock-7-1.png\" class=\"attachment-full size-full wp-image-217\" alt=\"\" \/>\t\t\t\t\t\t\t\t\t\t\t\t\t\t\t<\/div>\n\t\t\t\t<\/div>\n\t\t\t\t<\/div>\n\t\t<div class=\"elementor-element elementor-element-f3fbe0e e-con-full e-flex e-con e-child\" data-id=\"f3fbe0e\" data-element_type=\"container\" data-e-type=\"container\">\n\t\t\t\t<div class=\"elementor-element elementor-element-f7464b8 elementor-invisible elementor-widget elementor-widget-image\" data-id=\"f7464b8\" data-element_type=\"widget\" data-e-type=\"widget\" data-settings=\"{&quot;_animation&quot;:&quot;fadeIn&quot;}\" data-widget_type=\"image.default\">\n\t\t\t\t<div class=\"elementor-widget-container\">\n\t\t\t\t\t\t\t\t\t\t\t\t\t\t\t<img decoding=\"async\" width=\"100\" height=\"80\" src=\"https:\/\/intersold.fr\/wp-content\/uploads\/2024\/09\/intersod_brand_stock-8-1.png\" class=\"attachment-full size-full wp-image-218\" alt=\"\" \/>\t\t\t\t\t\t\t\t\t\t\t\t\t\t\t<\/div>\n\t\t\t\t<\/div>\n\t\t\t\t<\/div>\n\t\t<div class=\"elementor-element elementor-element-9204450 e-con-full e-flex e-con e-child\" data-id=\"9204450\" data-element_type=\"container\" data-e-type=\"container\">\n\t\t\t\t<div class=\"elementor-element elementor-element-0ff120b elementor-invisible elementor-widget elementor-widget-image\" data-id=\"0ff120b\" data-element_type=\"widget\" data-e-type=\"widget\" data-settings=\"{&quot;_animation&quot;:&quot;fadeIn&quot;}\" data-widget_type=\"image.default\">\n\t\t\t\t<div class=\"elementor-widget-container\">\n\t\t\t\t\t\t\t\t\t\t\t\t\t\t\t<img decoding=\"async\" width=\"100\" height=\"80\" src=\"https:\/\/intersold.fr\/wp-content\/uploads\/2024\/09\/intersod_brand_stock-5-1.png\" class=\"attachment-full size-full wp-image-215\" alt=\"\" \/>\t\t\t\t\t\t\t\t\t\t\t\t\t\t\t<\/div>\n\t\t\t\t<\/div>\n\t\t\t\t<\/div>\n\t\t<div class=\"elementor-element elementor-element-3806910 e-con-full e-flex e-con e-child\" data-id=\"3806910\" data-element_type=\"container\" data-e-type=\"container\">\n\t\t\t\t<div class=\"elementor-element elementor-element-81f02a0 elementor-invisible elementor-widget elementor-widget-image\" data-id=\"81f02a0\" data-element_type=\"widget\" data-e-type=\"widget\" data-settings=\"{&quot;_animation&quot;:&quot;fadeIn&quot;}\" data-widget_type=\"image.default\">\n\t\t\t\t<div class=\"elementor-widget-container\">\n\t\t\t\t\t\t\t\t\t\t\t\t\t\t\t<img loading=\"lazy\" decoding=\"async\" width=\"100\" height=\"80\" src=\"https:\/\/intersold.fr\/wp-content\/uploads\/2024\/09\/intersod_brand_stock-6-1.png\" class=\"attachment-full size-full wp-image-216\" alt=\"\" \/>\t\t\t\t\t\t\t\t\t\t\t\t\t\t\t<\/div>\n\t\t\t\t<\/div>\n\t\t\t\t<\/div>\n\t\t\t\t\t<\/div>\n\t\t\t\t<\/div>\n\t\t<div class=\"elementor-element elementor-element-5efeaeb e-flex e-con-boxed e-con e-parent\" data-id=\"5efeaeb\" data-element_type=\"container\" data-e-type=\"container\">\n\t\t\t\t\t<div class=\"e-con-inner\">\n\t\t<div class=\"elementor-element elementor-element-00aa8c7 e-con-full e-flex e-con e-child\" data-id=\"00aa8c7\" data-element_type=\"container\" data-e-type=\"container\">\n\t\t\t\t<div class=\"elementor-element elementor-element-5c5a6a0 elementor-invisible elementor-widget elementor-widget-image\" data-id=\"5c5a6a0\" data-element_type=\"widget\" data-e-type=\"widget\" data-settings=\"{&quot;_animation&quot;:&quot;fadeIn&quot;}\" data-widget_type=\"image.default\">\n\t\t\t\t<div class=\"elementor-widget-container\">\n\t\t\t\t\t\t\t\t\t\t\t\t\t\t\t<img loading=\"lazy\" decoding=\"async\" width=\"100\" height=\"80\" src=\"https:\/\/intersold.fr\/wp-content\/uploads\/2024\/09\/intersod_brand_stock-3-1.png\" class=\"attachment-full size-full wp-image-213\" alt=\"\" \/>\t\t\t\t\t\t\t\t\t\t\t\t\t\t\t<\/div>\n\t\t\t\t<\/div>\n\t\t\t\t<\/div>\n\t\t<div class=\"elementor-element elementor-element-26221ef e-con-full e-flex e-con e-child\" data-id=\"26221ef\" data-element_type=\"container\" data-e-type=\"container\">\n\t\t\t\t<div class=\"elementor-element elementor-element-74e58a1 elementor-invisible elementor-widget elementor-widget-image\" data-id=\"74e58a1\" data-element_type=\"widget\" data-e-type=\"widget\" data-settings=\"{&quot;_animation&quot;:&quot;fadeIn&quot;}\" data-widget_type=\"image.default\">\n\t\t\t\t<div class=\"elementor-widget-container\">\n\t\t\t\t\t\t\t\t\t\t\t\t\t\t\t<img loading=\"lazy\" decoding=\"async\" width=\"100\" height=\"80\" src=\"https:\/\/intersold.fr\/wp-content\/uploads\/2024\/09\/intersod_brand_stock-12.png\" class=\"attachment-full size-full wp-image-210\" alt=\"\" \/>\t\t\t\t\t\t\t\t\t\t\t\t\t\t\t<\/div>\n\t\t\t\t<\/div>\n\t\t\t\t<\/div>\n\t\t<div class=\"elementor-element elementor-element-602ae66 e-con-full e-flex e-con e-child\" data-id=\"602ae66\" data-element_type=\"container\" data-e-type=\"container\">\n\t\t\t\t<div class=\"elementor-element elementor-element-71d11a0 elementor-invisible elementor-widget elementor-widget-image\" data-id=\"71d11a0\" data-element_type=\"widget\" data-e-type=\"widget\" data-settings=\"{&quot;_animation&quot;:&quot;fadeIn&quot;}\" data-widget_type=\"image.default\">\n\t\t\t\t<div class=\"elementor-widget-container\">\n\t\t\t\t\t\t\t\t\t\t\t\t\t\t\t<img loading=\"lazy\" decoding=\"async\" width=\"100\" height=\"80\" src=\"https:\/\/intersold.fr\/wp-content\/uploads\/2024\/09\/intersod_brand_stock-4-1.png\" class=\"attachment-full size-full wp-image-214\" alt=\"\" \/>\t\t\t\t\t\t\t\t\t\t\t\t\t\t\t<\/div>\n\t\t\t\t<\/div>\n\t\t\t\t<\/div>\n\t\t<div class=\"elementor-element elementor-element-8a88153 e-con-full e-flex e-con e-child\" data-id=\"8a88153\" data-element_type=\"container\" data-e-type=\"container\">\n\t\t\t\t<div class=\"elementor-element elementor-element-2c81dfa elementor-invisible elementor-widget elementor-widget-image\" data-id=\"2c81dfa\" data-element_type=\"widget\" data-e-type=\"widget\" data-settings=\"{&quot;_animation&quot;:&quot;fadeIn&quot;}\" data-widget_type=\"image.default\">\n\t\t\t\t<div class=\"elementor-widget-container\">\n\t\t\t\t\t\t\t\t\t\t\t\t\t\t\t<img loading=\"lazy\" decoding=\"async\" width=\"100\" height=\"80\" src=\"https:\/\/intersold.fr\/wp-content\/uploads\/2024\/09\/intersod_brand_stock-1-1.png\" class=\"attachment-full size-full wp-image-211\" alt=\"\" \/>\t\t\t\t\t\t\t\t\t\t\t\t\t\t\t<\/div>\n\t\t\t\t<\/div>\n\t\t\t\t<\/div>\n\t\t\t\t\t<\/div>\n\t\t\t\t<\/div>\n\t\t<div class=\"elementor-element elementor-element-b4ad7d7 e-flex e-con-boxed e-con e-parent\" data-id=\"b4ad7d7\" data-element_type=\"container\" data-e-type=\"container\">\n\t\t\t\t\t<div class=\"e-con-inner\">\n\t\t<div class=\"elementor-element elementor-element-cef07fb e-con-full e-flex e-con e-child\" data-id=\"cef07fb\" data-element_type=\"container\" data-e-type=\"container\">\n\t\t\t\t<div class=\"elementor-element elementor-element-7347801 elementor-invisible elementor-widget elementor-widget-image\" data-id=\"7347801\" data-element_type=\"widget\" data-e-type=\"widget\" data-settings=\"{&quot;_animation&quot;:&quot;fadeIn&quot;}\" data-widget_type=\"image.default\">\n\t\t\t\t<div class=\"elementor-widget-container\">\n\t\t\t\t\t\t\t\t\t\t\t\t\t\t\t<img loading=\"lazy\" decoding=\"async\" width=\"100\" height=\"80\" src=\"https:\/\/intersold.fr\/wp-content\/uploads\/2024\/09\/intersod_brand_stock.png\" class=\"attachment-full size-full wp-image-195\" alt=\"\" \/>\t\t\t\t\t\t\t\t\t\t\t\t\t\t\t<\/div>\n\t\t\t\t<\/div>\n\t\t\t\t<\/div>\n\t\t<div class=\"elementor-element elementor-element-c266f0f e-con-full e-flex e-con e-child\" data-id=\"c266f0f\" data-element_type=\"container\" data-e-type=\"container\">\n\t\t\t\t<div class=\"elementor-element elementor-element-06d78b6 elementor-invisible elementor-widget elementor-widget-image\" data-id=\"06d78b6\" data-element_type=\"widget\" data-e-type=\"widget\" data-settings=\"{&quot;_animation&quot;:&quot;fadeIn&quot;}\" data-widget_type=\"image.default\">\n\t\t\t\t<div class=\"elementor-widget-container\">\n\t\t\t\t\t\t\t\t\t\t\t\t\t\t\t<img loading=\"lazy\" decoding=\"async\" width=\"100\" height=\"80\" src=\"https:\/\/intersold.fr\/wp-content\/uploads\/2024\/09\/intersod_brand_stock-9.png\" class=\"attachment-full size-full wp-image-207\" alt=\"\" \/>\t\t\t\t\t\t\t\t\t\t\t\t\t\t\t<\/div>\n\t\t\t\t<\/div>\n\t\t\t\t<\/div>\n\t\t<div class=\"elementor-element elementor-element-e287a84 e-con-full e-flex e-con e-child\" data-id=\"e287a84\" data-element_type=\"container\" data-e-type=\"container\">\n\t\t\t\t<div class=\"elementor-element elementor-element-cb8eba5 elementor-invisible elementor-widget elementor-widget-image\" data-id=\"cb8eba5\" data-element_type=\"widget\" data-e-type=\"widget\" data-settings=\"{&quot;_animation&quot;:&quot;fadeIn&quot;}\" data-widget_type=\"image.default\">\n\t\t\t\t<div class=\"elementor-widget-container\">\n\t\t\t\t\t\t\t\t\t\t\t\t\t\t\t<img loading=\"lazy\" decoding=\"async\" width=\"100\" height=\"80\" src=\"https:\/\/intersold.fr\/wp-content\/uploads\/2024\/09\/intersod_brand_stock-9.png\" class=\"attachment-full size-full wp-image-207\" alt=\"\" \/>\t\t\t\t\t\t\t\t\t\t\t\t\t\t\t<\/div>\n\t\t\t\t<\/div>\n\t\t\t\t<\/div>\n\t\t\t\t\t<\/div>\n\t\t\t\t<\/div>\n\t\t<div class=\"elementor-element elementor-element-5d09c2b e-con-full e-flex e-con e-parent\" data-id=\"5d09c2b\" data-element_type=\"container\" data-e-type=\"container\">\n\t\t<div class=\"elementor-element elementor-element-386c99d e-con-full e-flex e-con e-child\" data-id=\"386c99d\" data-element_type=\"container\" data-e-type=\"container\" data-settings=\"{&quot;background_background&quot;:&quot;classic&quot;}\">\n\t\t\t\t<div class=\"elementor-element elementor-element-ccede47 elementor-position-left elementor-vertical-align-middle elementor-widget elementor-widget-image-box\" data-id=\"ccede47\" data-element_type=\"widget\" data-e-type=\"widget\" data-widget_type=\"image-box.default\">\n\t\t\t\t<div class=\"elementor-widget-container\">\n\t\t\t\t\t<div class=\"elementor-image-box-wrapper\"><figure class=\"elementor-image-box-img\"><img loading=\"lazy\" decoding=\"async\" width=\"1024\" height=\"879\" src=\"https:\/\/intersold.fr\/wp-content\/uploads\/2024\/09\/Group-63-1024x879-1.png\" class=\"attachment-full size-full wp-image-173\" alt=\"\" srcset=\"https:\/\/intersold.fr\/wp-content\/uploads\/2024\/09\/Group-63-1024x879-1.png 1024w, https:\/\/intersold.fr\/wp-content\/uploads\/2024\/09\/Group-63-1024x879-1-300x258.png 300w, https:\/\/intersold.fr\/wp-content\/uploads\/2024\/09\/Group-63-1024x879-1-768x659.png 768w\" sizes=\"(max-width: 1024px) 100vw, 1024px\" \/><\/figure><div class=\"elementor-image-box-content\"><h3 class=\"elementor-image-box-title\">Revalorisation des stocks <\/h3><p class=\"elementor-image-box-description\">Intersod excelle dans l'achat de surstocks, fins de s\u00e9ries, et invendus pour les transformer en opportunit\u00e9s commerciales<\/p><\/div><\/div>\t\t\t\t<\/div>\n\t\t\t\t<\/div>\n\t\t\t\t<\/div>\n\t\t<div class=\"elementor-element elementor-element-4274a28 e-con-full e-flex e-con e-child\" data-id=\"4274a28\" data-element_type=\"container\" data-e-type=\"container\" data-settings=\"{&quot;background_background&quot;:&quot;classic&quot;}\">\n\t\t\t\t<div class=\"elementor-element elementor-element-27abbcd elementor-position-left elementor-vertical-align-middle elementor-widget elementor-widget-image-box\" data-id=\"27abbcd\" data-element_type=\"widget\" data-e-type=\"widget\" data-widget_type=\"image-box.default\">\n\t\t\t\t<div class=\"elementor-widget-container\">\n\t\t\t\t\t<div class=\"elementor-image-box-wrapper\"><figure class=\"elementor-image-box-img\"><img loading=\"lazy\" decoding=\"async\" width=\"586\" height=\"474\" src=\"https:\/\/intersold.fr\/wp-content\/uploads\/2024\/09\/Frame-31.png\" class=\"attachment-full size-full wp-image-225\" alt=\"\" srcset=\"https:\/\/intersold.fr\/wp-content\/uploads\/2024\/09\/Frame-31.png 586w, https:\/\/intersold.fr\/wp-content\/uploads\/2024\/09\/Frame-31-300x243.png 300w\" sizes=\"(max-width: 586px) 100vw, 586px\" \/><\/figure><div class=\"elementor-image-box-content\"><h3 class=\"elementor-image-box-title\">Importation de produits <\/h3><p class=\"elementor-image-box-description\">En tant qu'importateur exp\u00e9riment\u00e9, Intersod s\u00e9lectionne des produits phares et innovants <\/p><\/div><\/div>\t\t\t\t<\/div>\n\t\t\t\t<\/div>\n\t\t\t\t<\/div>\n\t\t<div class=\"elementor-element elementor-element-ecb6943 e-con-full e-flex e-con e-child\" data-id=\"ecb6943\" data-element_type=\"container\" data-e-type=\"container\" data-settings=\"{&quot;background_background&quot;:&quot;classic&quot;}\">\n\t\t\t\t<div class=\"elementor-element elementor-element-9e17f94 elementor-position-left elementor-vertical-align-middle elementor-widget elementor-widget-image-box\" data-id=\"9e17f94\" data-element_type=\"widget\" data-e-type=\"widget\" data-widget_type=\"image-box.default\">\n\t\t\t\t<div class=\"elementor-widget-container\">\n\t\t\t\t\t<div class=\"elementor-image-box-wrapper\"><figure class=\"elementor-image-box-img\"><img loading=\"lazy\" decoding=\"async\" width=\"1024\" height=\"879\" src=\"https:\/\/intersold.fr\/wp-content\/uploads\/2024\/09\/Group-72-1-1024x879-1.png\" class=\"attachment-full size-full wp-image-226\" alt=\"\" srcset=\"https:\/\/intersold.fr\/wp-content\/uploads\/2024\/09\/Group-72-1-1024x879-1.png 1024w, https:\/\/intersold.fr\/wp-content\/uploads\/2024\/09\/Group-72-1-1024x879-1-300x258.png 300w, https:\/\/intersold.fr\/wp-content\/uploads\/2024\/09\/Group-72-1-1024x879-1-768x659.png 768w\" sizes=\"(max-width: 1024px) 100vw, 1024px\" \/><\/figure><div class=\"elementor-image-box-content\"><h2 class=\"elementor-image-box-title\">Personnalisation et adaptation <\/h2><p class=\"elementor-image-box-description\">Chez Intersod, nous comprenons l'importance de s'adapter \u00e0 chaque client. En savoir plus sur nos m\u00e9thodes<\/p><\/div><\/div>\t\t\t\t<\/div>\n\t\t\t\t<\/div>\n\t\t\t\t<\/div>\n\t\t\t\t<\/div>\n\t\t\t\t<\/div>\n\t\t","protected":false},"excerpt":{"rendered":"<p>Partenaires D\u00e9couvrez les partenariats d&#8217;Intersod avec des fournisseurs de confiance et des acteurs cl\u00e9s du march\u00e9. Ensemble, nous offrons des produits de qualit\u00e9 pour l&#8217;\u00e9quipement de la maison et de la personne, garantissant un service optimal depuis plus de 20 ans Revalorisation des stocks Intersod excelle dans l&#8217;achat de surstocks, fins de s\u00e9ries, et invendus [&hellip;]<\/p>\n","protected":false},"author":1,"featured_media":0,"parent":0,"menu_order":0,"comment_status":"closed","ping_status":"closed","template":"","meta":{"footnotes":""},"class_list":["post-556","page","type-page","status-publish","hentry"],"yoast_head":"<!-- This site is optimized with the Yoast SEO plugin v23.5 - https:\/\/yoast.com\/wordpress\/plugins\/seo\/ -->\n<title>Partenaires - Intersold<\/title>\n<meta name=\"robots\" content=\"index, follow, max-snippet:-1, max-image-preview:large, max-video-preview:-1\" \/>\n<link rel=\"canonical\" href=\"https:\/\/intersold.fr\/?page_id=556\" \/>\n<meta property=\"og:locale\" content=\"en_US\" \/>\n<meta property=\"og:type\" content=\"article\" \/>\n<meta property=\"og:title\" content=\"Partenaires - Intersold\" \/>\n<meta property=\"og:description\" content=\"Partenaires D\u00e9couvrez les partenariats d&#8217;Intersod avec des fournisseurs de confiance et des acteurs cl\u00e9s du march\u00e9. Ensemble, nous offrons des produits de qualit\u00e9 pour l&#8217;\u00e9quipement de la maison et de la personne, garantissant un service optimal depuis plus de 20 ans Revalorisation des stocks Intersod excelle dans l&#8217;achat de surstocks, fins de s\u00e9ries, et invendus [&hellip;]\" \/>\n<meta property=\"og:url\" content=\"https:\/\/intersold.fr\/?page_id=556\" \/>\n<meta property=\"og:site_name\" content=\"Intersold\" \/>\n<meta property=\"article:modified_time\" content=\"2024-09-27T06:08:28+00:00\" \/>\n<meta property=\"og:image\" content=\"https:\/\/intersold.fr\/wp-content\/uploads\/2024\/09\/intersod_brand_stock-7-1.png\" \/>\n<meta name=\"twitter:card\" content=\"summary_large_image\" \/>\n<meta name=\"twitter:label1\" content=\"Est. reading time\" \/>\n\t<meta name=\"twitter:data1\" content=\"4 minutes\" \/>\n<script type=\"application\/ld+json\" class=\"yoast-schema-graph\">{\"@context\":\"https:\/\/schema.org\",\"@graph\":[{\"@type\":\"WebPage\",\"@id\":\"https:\/\/intersold.fr\/?page_id=556\",\"url\":\"https:\/\/intersold.fr\/?page_id=556\",\"name\":\"Partenaires - Intersold\",\"isPartOf\":{\"@id\":\"https:\/\/intersold.fr\/#website\"},\"primaryImageOfPage\":{\"@id\":\"https:\/\/intersold.fr\/?page_id=556#primaryimage\"},\"image\":{\"@id\":\"https:\/\/intersold.fr\/?page_id=556#primaryimage\"},\"thumbnailUrl\":\"https:\/\/intersold.fr\/wp-content\/uploads\/2024\/09\/intersod_brand_stock-7-1.png\",\"datePublished\":\"2024-09-24T08:54:15+00:00\",\"dateModified\":\"2024-09-27T06:08:28+00:00\",\"breadcrumb\":{\"@id\":\"https:\/\/intersold.fr\/?page_id=556#breadcrumb\"},\"inLanguage\":\"en-US\",\"potentialAction\":[{\"@type\":\"ReadAction\",\"target\":[\"https:\/\/intersold.fr\/?page_id=556\"]}]},{\"@type\":\"ImageObject\",\"inLanguage\":\"en-US\",\"@id\":\"https:\/\/intersold.fr\/?page_id=556#primaryimage\",\"url\":\"https:\/\/intersold.fr\/wp-content\/uploads\/2024\/09\/intersod_brand_stock-7-1.png\",\"contentUrl\":\"https:\/\/intersold.fr\/wp-content\/uploads\/2024\/09\/intersod_brand_stock-7-1.png\",\"width\":100,\"height\":80},{\"@type\":\"BreadcrumbList\",\"@id\":\"https:\/\/intersold.fr\/?page_id=556#breadcrumb\",\"itemListElement\":[{\"@type\":\"ListItem\",\"position\":1,\"name\":\"Home\",\"item\":\"https:\/\/intersold.fr\/\"},{\"@type\":\"ListItem\",\"position\":2,\"name\":\"Partenaires\"}]},{\"@type\":\"WebSite\",\"@id\":\"https:\/\/intersold.fr\/#website\",\"url\":\"https:\/\/intersold.fr\/\",\"name\":\"Intersold\",\"description\":\"Le sp\u00e9cialiste du permanent\",\"publisher\":{\"@id\":\"https:\/\/intersold.fr\/#organization\"},\"potentialAction\":[{\"@type\":\"SearchAction\",\"target\":{\"@type\":\"EntryPoint\",\"urlTemplate\":\"https:\/\/intersold.fr\/?s={search_term_string}\"},\"query-input\":{\"@type\":\"PropertyValueSpecification\",\"valueRequired\":true,\"valueName\":\"search_term_string\"}}],\"inLanguage\":\"en-US\"},{\"@type\":\"Organization\",\"@id\":\"https:\/\/intersold.fr\/#organization\",\"name\":\"Intersold\",\"url\":\"https:\/\/intersold.fr\/\",\"logo\":{\"@type\":\"ImageObject\",\"inLanguage\":\"en-US\",\"@id\":\"https:\/\/intersold.fr\/#\/schema\/logo\/image\/\",\"url\":\"https:\/\/intersold.fr\/wp-content\/uploads\/2024\/09\/cropped-cropped-INTERSOLD-LOGO.jpg\",\"contentUrl\":\"https:\/\/intersold.fr\/wp-content\/uploads\/2024\/09\/cropped-cropped-INTERSOLD-LOGO.jpg\",\"width\":512,\"height\":443,\"caption\":\"Intersold\"},\"image\":{\"@id\":\"https:\/\/intersold.fr\/#\/schema\/logo\/image\/\"}}]}<\/script>\n<!-- \/ Yoast SEO plugin. -->","yoast_head_json":{"title":"Partenaires - Intersold","robots":{"index":"index","follow":"follow","max-snippet":"max-snippet:-1","max-image-preview":"max-image-preview:large","max-video-preview":"max-video-preview:-1"},"canonical":"https:\/\/intersold.fr\/?page_id=556","og_locale":"en_US","og_type":"article","og_title":"Partenaires - Intersold","og_description":"Partenaires D\u00e9couvrez les partenariats d&#8217;Intersod avec des fournisseurs de confiance et des acteurs cl\u00e9s du march\u00e9. Ensemble, nous offrons des produits de qualit\u00e9 pour l&#8217;\u00e9quipement de la maison et de la personne, garantissant un service optimal depuis plus de 20 ans Revalorisation des stocks Intersod excelle dans l&#8217;achat de surstocks, fins de s\u00e9ries, et invendus [&hellip;]","og_url":"https:\/\/intersold.fr\/?page_id=556","og_site_name":"Intersold","article_modified_time":"2024-09-27T06:08:28+00:00","og_image":[{"url":"https:\/\/intersold.fr\/wp-content\/uploads\/2024\/09\/intersod_brand_stock-7-1.png"}],"twitter_card":"summary_large_image","twitter_misc":{"Est. reading time":"4 minutes"},"schema":{"@context":"https:\/\/schema.org","@graph":[{"@type":"WebPage","@id":"https:\/\/intersold.fr\/?page_id=556","url":"https:\/\/intersold.fr\/?page_id=556","name":"Partenaires - Intersold","isPartOf":{"@id":"https:\/\/intersold.fr\/#website"},"primaryImageOfPage":{"@id":"https:\/\/intersold.fr\/?page_id=556#primaryimage"},"image":{"@id":"https:\/\/intersold.fr\/?page_id=556#primaryimage"},"thumbnailUrl":"https:\/\/intersold.fr\/wp-content\/uploads\/2024\/09\/intersod_brand_stock-7-1.png","datePublished":"2024-09-24T08:54:15+00:00","dateModified":"2024-09-27T06:08:28+00:00","breadcrumb":{"@id":"https:\/\/intersold.fr\/?page_id=556#breadcrumb"},"inLanguage":"en-US","potentialAction":[{"@type":"ReadAction","target":["https:\/\/intersold.fr\/?page_id=556"]}]},{"@type":"ImageObject","inLanguage":"en-US","@id":"https:\/\/intersold.fr\/?page_id=556#primaryimage","url":"https:\/\/intersold.fr\/wp-content\/uploads\/2024\/09\/intersod_brand_stock-7-1.png","contentUrl":"https:\/\/intersold.fr\/wp-content\/uploads\/2024\/09\/intersod_brand_stock-7-1.png","width":100,"height":80},{"@type":"BreadcrumbList","@id":"https:\/\/intersold.fr\/?page_id=556#breadcrumb","itemListElement":[{"@type":"ListItem","position":1,"name":"Home","item":"https:\/\/intersold.fr\/"},{"@type":"ListItem","position":2,"name":"Partenaires"}]},{"@type":"WebSite","@id":"https:\/\/intersold.fr\/#website","url":"https:\/\/intersold.fr\/","name":"Intersold","description":"Le sp\u00e9cialiste du permanent","publisher":{"@id":"https:\/\/intersold.fr\/#organization"},"potentialAction":[{"@type":"SearchAction","target":{"@type":"EntryPoint","urlTemplate":"https:\/\/intersold.fr\/?s={search_term_string}"},"query-input":{"@type":"PropertyValueSpecification","valueRequired":true,"valueName":"search_term_string"}}],"inLanguage":"en-US"},{"@type":"Organization","@id":"https:\/\/intersold.fr\/#organization","name":"Intersold","url":"https:\/\/intersold.fr\/","logo":{"@type":"ImageObject","inLanguage":"en-US","@id":"https:\/\/intersold.fr\/#\/schema\/logo\/image\/","url":"https:\/\/intersold.fr\/wp-content\/uploads\/2024\/09\/cropped-cropped-INTERSOLD-LOGO.jpg","contentUrl":"https:\/\/intersold.fr\/wp-content\/uploads\/2024\/09\/cropped-cropped-INTERSOLD-LOGO.jpg","width":512,"height":443,"caption":"Intersold"},"image":{"@id":"https:\/\/intersold.fr\/#\/schema\/logo\/image\/"}}]}},"_links":{"self":[{"href":"https:\/\/intersold.fr\/index.php?rest_route=\/wp\/v2\/pages\/556"}],"collection":[{"href":"https:\/\/intersold.fr\/index.php?rest_route=\/wp\/v2\/pages"}],"about":[{"href":"https:\/\/intersold.fr\/index.php?rest_route=\/wp\/v2\/types\/page"}],"author":[{"embeddable":true,"href":"https:\/\/intersold.fr\/index.php?rest_route=\/wp\/v2\/users\/1"}],"replies":[{"embeddable":true,"href":"https:\/\/intersold.fr\/index.php?rest_route=%2Fwp%2Fv2%2Fcomments&post=556"}],"version-history":[{"count":19,"href":"https:\/\/intersold.fr\/index.php?rest_route=\/wp\/v2\/pages\/556\/revisions"}],"predecessor-version":[{"id":749,"href":"https:\/\/intersold.fr\/index.php?rest_route=\/wp\/v2\/pages\/556\/revisions\/749"}],"wp:attachment":[{"href":"https:\/\/intersold.fr\/index.php?rest_route=%2Fwp%2Fv2%2Fmedia&parent=556"}],"curies":[{"name":"wp","href":"https:\/\/api.w.org\/{rel}","templated":true}]}}